{"id":802,"date":"2023-12-22T15:49:08","date_gmt":"2023-12-22T15:49:08","guid":{"rendered":"https:\/\/estructurasdeacerojgm.com\/?page_id=802"},"modified":"2023-12-22T15:51:10","modified_gmt":"2023-12-22T15:51:10","slug":"politica-de-privacidad","status":"publish","type":"page","link":"https:\/\/estructurasdeacerojgm.com\/index.php\/politica-de-privacidad\/","title":{"rendered":"Politica de privacidad"},"content":{"rendered":"\t\t<div data-elementor-type=\"wp-page\" data-elementor-id=\"802\" class=\"elementor elementor-802\">\n\t\t\t\t\t\t<section class=\"elementor-section elementor-top-section elementor-element elementor-element-c7bde32 elementor-section-height-min-height elementor-section-boxed elementor-section-height-default elementor-section-items-middle\" data-id=\"c7bde32\" data-element_type=\"section\" data-settings=\"{&quot;background_background&quot;:&quot;classic&quot;}\">\n\t\t\t\t\t\t<div class=\"elementor-container elementor-column-gap-default\">\n\t\t\t\t\t<div class=\"elementor-column elementor-col-100 elementor-top-column elementor-element elementor-element-8ca406c\" data-id=\"8ca406c\" data-element_type=\"column\">\n\t\t\t<div class=\"elementor-widget-wrap elementor-element-populated\">\n\t\t\t\t\t\t<div class=\"elementor-element elementor-element-fb64808 elementor-widget-divider--view-line elementor-widget elementor-widget-divider\" data-id=\"fb64808\" data-element_type=\"widget\" data-widget_type=\"divider.default\">\n\t\t\t\t<div class=\"elementor-widget-container\">\n\t\t\t\t\t<div class=\"elementor-divider\">\n\t\t\t<span class=\"elementor-divider-separator\">\n\t\t\t\t\t\t<\/span>\n\t\t<\/div>\n\t\t\t\t<\/div>\n\t\t\t\t<\/div>\n\t\t\t\t<div class=\"elementor-element elementor-element-5c316fb elementor-widget elementor-widget-heading\" data-id=\"5c316fb\" data-element_type=\"widget\" data-widget_type=\"heading.default\">\n\t\t\t\t<div class=\"elementor-widget-container\">\n\t\t\t<h1 class=\"elementor-heading-title elementor-size-default\">Portfolio<\/h1>\t\t<\/div>\n\t\t\t\t<\/div>\n\t\t\t\t\t<\/div>\n\t\t<\/div>\n\t\t\t\t\t<\/div>\n\t\t<\/section>\n\t\t\t\t<section class=\"elementor-section elementor-top-section elementor-element elementor-element-1760b03 elementor-section-boxed elementor-section-height-default elementor-section-height-default\" data-id=\"1760b03\" data-element_type=\"section\" data-settings=\"{&quot;background_background&quot;:&quot;classic&quot;}\">\n\t\t\t\t\t\t<div class=\"elementor-container elementor-column-gap-default\">\n\t\t\t\t\t<div class=\"elementor-column elementor-col-100 elementor-top-column elementor-element elementor-element-8607707\" data-id=\"8607707\" data-element_type=\"column\">\n\t\t\t<div class=\"elementor-widget-wrap elementor-element-populated\">\n\t\t\t\t\t\t<div class=\"elementor-element elementor-element-6ba3fe0 elementor-widget-divider--view-line elementor-widget elementor-widget-divider\" data-id=\"6ba3fe0\" data-element_type=\"widget\" data-widget_type=\"divider.default\">\n\t\t\t\t<div class=\"elementor-widget-container\">\n\t\t\t\t\t<div class=\"elementor-divider\">\n\t\t\t<span class=\"elementor-divider-separator\">\n\t\t\t\t\t\t<\/span>\n\t\t<\/div>\n\t\t\t\t<\/div>\n\t\t\t\t<\/div>\n\t\t\t\t<div class=\"elementor-element elementor-element-e30a72e elementor-widget elementor-widget-heading\" data-id=\"e30a72e\" data-element_type=\"widget\" data-widget_type=\"heading.default\">\n\t\t\t\t<div class=\"elementor-widget-container\">\n\t\t\t<h2 class=\"elementor-heading-title elementor-size-default\">Politica de privacidad<\/h2>\t\t<\/div>\n\t\t\t\t<\/div>\n\t\t\t\t\t<\/div>\n\t\t<\/div>\n\t\t\t\t\t<\/div>\n\t\t<\/section>\n\t\t<div class=\"elementor-element elementor-element-2ff7465 e-flex e-con-boxed e-con e-parent\" data-id=\"2ff7465\" data-element_type=\"container\">\n\t\t\t\t\t<div class=\"e-con-inner\">\n\t\t<div class=\"elementor-element elementor-element-e7367fb e-con-full e-flex e-con e-child\" data-id=\"e7367fb\" data-element_type=\"container\">\n\t\t\t\t<\/div>\n\t\t<div class=\"elementor-element elementor-element-8f6009e e-con-full e-flex e-con e-child\" data-id=\"8f6009e\" data-element_type=\"container\">\n\t\t\t\t<div class=\"elementor-element elementor-element-ec4cc14 elementor-widget elementor-widget-text-editor\" data-id=\"ec4cc14\" data-element_type=\"widget\" data-widget_type=\"text-editor.default\">\n\t\t\t\t<div class=\"elementor-widget-container\">\n\t\t\t\t\t\t\t<div data-id=\"f4e6365\" data-element_type=\"container\" data-settings=\"{&quot;content_width&quot;:&quot;full&quot;}\">\n<div data-id=\"d417d78\" data-element_type=\"widget\" data-widget_type=\"text-editor.default\">\n<div>\n<section data-id=\"1e2cc36\" data-element_type=\"section\">\n<div>\n<div data-id=\"a22b7c9\" data-element_type=\"column\">\n<div>\n<div data-id=\"b4a7c7e\" data-element_type=\"widget\" data-widget_type=\"text-editor.default\">\n<div>\n<ol>\n<li>\n<p><strong><u>IDENTIDAD Y DOMICILIO DEL RESPONSABLE<\/u><\/strong>. De acuerdo a lo Previsto en la \u201cLey Federal de Protecci\u00f3n de Datos Personales en Posesi\u00f3n de los Particulares\u201d (LFPDPPP), declara&nbsp;<strong>Estructuras de Acero JGM,&nbsp;<\/strong>ser una empresa legalmente constituida de conformidad con las leyes mexicanas, con domicilio en&nbsp;<strong>Los Mochis Sinaloa;&nbsp;<\/strong>y responsable del tratamiento de sus datos personales.<\/p>\n<\/li>\n<li>\n<p><strong><u>CONSENTIMIENTO DEL TITULAR<\/u><\/strong><u>.<\/u>&nbsp;Para efectos de lo dispuesto en la Ley Federal de Protecci\u00f3n de Datos Personales en Posesi\u00f3n de los Particulares (\u201cLFPDPPP\u201d) y dem\u00e1s legislaci\u00f3n aplicable, el Titular manifiesta (i) que el presente Aviso le ha sido dado a conocer por el Responsable, (ii) haber le\u00eddo, entendido y acordado los t\u00e9rminos expuestos en este Aviso, por lo que&nbsp;<strong><u>otorga su consentimiento respecto del tratamiento de sus datos personales<\/u><\/strong>. En caso de que los datos personales recopilados incluyan datos patrimoniales o financieros, mediante la firma del contrato correspondiente, sea en formato impreso, o utilizando medios electr\u00f3nicos y sus correspondientes procesos para la formaci\u00f3n del consentimiento, se llevar\u00e1n a cabo actos que constituyen el consentimiento expreso del titular y (iii) que otorga su consentimiento para que&nbsp;<strong><strong style=\"font-variant-caps: normal; font-family: Rubik; font-size: 15px; font-style: normal;\">Estructuras de Acero JGM,<\/strong>&nbsp;<\/strong>o sus Encargados realicen transferencias y\/o remisiones de datos personales en t\u00e9rminos del apartado denominado TRANSFERENCIAS Y\/O REMISIONES DE DATOS del presente Aviso de Privacidad.&nbsp;<\/p>\n<\/li>\n<\/ol>\n<p><strong>III.&nbsp;<\/strong><strong><u>D<\/u><\/strong><strong><u>ATOS PERSONALES QUE RECABAMOS.<\/u><\/strong>&nbsp;<strong style=\"font-variant-caps: normal; font-family: Rubik; font-size: 15px; font-style: normal;\">Estructuras de Acero JGM,<\/strong><strong>&nbsp;<\/strong>puede recolectar datos personales del Titular mediante la entrega directa y\/o personal por cualquier medio de contacto entre el Titular y el Responsable o sus Encargados. Tambi\u00e9n puede recolectar datos personales de manera indirecta a trav\u00e9s de fuentes de acceso p\u00fablico y de otras fuentes disponibles en el mercado, por lo que hace de su conocimiento que la informaci\u00f3n de nuestros clientes es tratada de forma estrictamente confidencial y se recabar\u00e1 entre otros datos los siguientes:<\/p>\n<p><strong>1.&nbsp; Nombre Completo.<\/strong><\/p>\n<ol start=\"2\">\n<li>\n<p><strong>Direcci\u00f3n.<\/strong><\/p>\n<\/li>\n<\/ol>\n<p><strong>3.&nbsp; Registro Federal de Contribuyentes.<\/strong><\/p>\n<ol start=\"4\">\n<li>\n<p><strong>Tel\u00e9fonos de Hogar, Oficina y m\u00f3viles<\/strong><\/p>\n<\/li>\n<\/ol>\n<p><strong>5.&nbsp; Correo Electr\u00f3nico.<\/strong><\/p>\n<p><strong>6.&nbsp; Datos Financieros (Ingresos, Estados de Cuenta, y dem\u00e1s relacionados)<\/strong><\/p>\n<p><strong>7.&nbsp; Datos Patrimoniales (Bienes Materiales, Inmuebles, y dem\u00e1s relacionados)<\/strong><\/p>\n<p><strong>8.&nbsp; Datos Personales (C\u00f3nyuge, Estado Civil, Nacionalidad, Educaci\u00f3n, Rijos, y dem\u00e1s relacionados)<\/strong><\/p>\n<p><strong>9.&nbsp; Referencias familiares y no familiares (Nombre, Direcci\u00f3n, Tel\u00e9fono, relaci\u00f3n, etc.).<\/strong><\/p>\n<p><strong><u>IV. FINALIDAD QUE DARA A LOS DATOS PERSONALES<\/u><\/strong><u>.<\/u><\/p>\n<p><strong><u>A. FINALIDADES PRIMARIAS.<\/u><\/strong>&nbsp;<strong style=\"font-variant-caps: normal; font-family: Rubik; font-size: 15px; font-style: normal;\">Estructuras de Acero JGM,<\/strong>&nbsp;tratar\u00e1 los datos personales del Titular con la finalidad de llevar a cabo las actividades y gestiones enfocadas al ofrecimiento de productos y servicios.&nbsp;<\/p>\n<p><strong>B.&nbsp;<u>FINALIDADES SECUNDARIAS.<\/u><\/strong>&nbsp;Asimismo,&nbsp;<strong style=\"font-variant-caps: normal; font-family: Rubik; font-size: 15px; font-style: normal;\">Estructuras de Acero JGM,<\/strong><strong>,&nbsp;<\/strong>tratar\u00e1 datos personales para otras finalidades como enviar notificaci\u00f3n de ofertas, avisos y\/o mensajes promocionales; y en general para cualquier actividad encaminada a promover, mantener, mejorar y evaluar sus productos y servicios.\u2028Puede oponerse al tratamiento de sus datos personales para las finalidades secundarias a trav\u00e9s de los medios puestos a su disposici\u00f3n para el ejercicio de sus Derechos ARCO (Acceso, Rectificaci\u00f3n, Cancelaci\u00f3n y Oposici\u00f3n).<\/p>\n<p>Espec\u00edficamente se informa al Titular que sus datos ser\u00e1n utilizados \u00fanica y exclusivamente para los siguientes fines:<\/p>\n<p><strong>1.&nbsp; Informaci\u00f3n y Prestaci\u00f3n de Servicios.<\/strong><\/p>\n<p><strong>2.&nbsp; Se\u00f1alar si es apto para otorgamiento de veh\u00edculo en arrendamiento.<\/strong><\/p>\n<p><strong>3.&nbsp; Investigaci\u00f3n y\/u Obtenci\u00f3n de Cr\u00e9ditos ante las Instituciones Financieras.<\/strong><\/p>\n<p><strong>4.&nbsp; Cualquier finalidad an\u00e1loga o compatible con la anterior.<\/strong><\/p>\n<p><strong>&nbsp;<\/strong><\/p>\n<p><strong>V.&nbsp;<\/strong><strong><u>LIMITACION DE USO Y DIVULGACI\u00d3N DE LA INFORMACI\u00d3N Y DATOS<\/u><\/strong><\/p>\n<p>Para prevenir el acceso no autorizado a sus datos personales y con el fin de asegurar que la informaci\u00f3n sea utilizada para los fines establecidos en este Aviso de Privacidad, hemos establecido diversos procedimientos con la finalidad de evitar el uso o divulgaci\u00f3n no autorizados de sus datos, permiti\u00e9ndonos tratarlos debidamente.<\/p>\n<p>VI.&nbsp;<u>TRANSFERENCIAS Y\/O REMISIONES DE DATOS<\/u><u>.<\/u><\/p>\n<p>As\u00ed mismo, le informamos que sus datos personales pueden ser Transmitidos para ser tratados por personas distintas a \u00e9sta empresa, \u00fanicamente para los fines establecidos en el apartado IV.<\/p>\n<p><strong><u>&nbsp;<\/u><\/strong><\/p>\n<p>VII.&nbsp;<u>PROCEDIMIENTO PARA EJERCER LOS DERECHOS ARCO Y REVOCACI\u00d3N DEL CONSENTIMIENTO<\/u><u>.<\/u>&nbsp;El Titular tiene, en todo momento, derecho de acceder, rectificar y cancelar sus datos, as\u00ed como de oponerse al tratamiento de los mismos o revocar el consentimiento que haya proporcionado presentando una solicitud en el formato que para tal fin le entregaremos a petici\u00f3n expresa, misma que debe contener la informaci\u00f3n y documentaci\u00f3n siguiente:&nbsp;<\/p>\n<ol>\n<li>\n<p>Nombre del Titular y domicilio u otro medio para comunicarle la respuesta a su solicitud;<\/p>\n<\/li>\n<li>\n<p>Los documentos vigentes que acrediten su identidad (copia simple en formato impreso o electr\u00f3nico de su credencial de elector, pasaporte o Visa) o, en su caso, la representaci\u00f3n legal del Titular (copia simple en formato impreso o electr\u00f3nico de la carta poder simple con firma aut\u00f3grafa del Titular, el mandatario y sus correspondientes identificaciones oficiales vigentes \u2013 credencial de elector, pasaporte o Visa);<\/p>\n<\/li>\n<li>\n<p>La descripci\u00f3n clara y precisa de los datos respecto de los que busca ejercer alguno de los Derechos ARCO, y<\/p>\n<\/li>\n<li>\n<p>Cualquier otro elemento o documento que facilite la localizaci\u00f3n de los datos personales del Titular.<\/p>\n<\/li>\n<\/ol>\n<p>En el caso de las solicitudes de rectificaci\u00f3n de datos personales, el Titular deber\u00e1 tambi\u00e9n indicar las modificaciones a realizarse y aportar la documentaci\u00f3n que sustente su petici\u00f3n.<\/p>\n<p>Para dar cumplimiento a la obligaci\u00f3n de acceso a sus datos personales, se har\u00e1 previa acreditaci\u00f3n de la identidad del titular o personalidad del representante; poniendo la informaci\u00f3n a disposici\u00f3n en sitio en el domicilio del Responsable. Se podr\u00e1 acordar otro medio entre el Titular y el Responsable siempre que la informaci\u00f3n solicitada as\u00ed lo permita.<\/p>\n<p>En caso de que la informaci\u00f3n proporcionada en su solicitud sea err\u00f3nea o insuficiente, o bien, no se acompa\u00f1en los documentos de acreditaci\u00f3n correspondientes, podremos solicitarle, dentro de los cinco d\u00edas h\u00e1biles siguientes a la recepci\u00f3n de la solicitud, que aporte los elementos o documentos necesarios para dar tr\u00e1mite a la misma. El Titular contar\u00e1 con diez d\u00edas h\u00e1biles para atender el requerimiento, contados a partir del d\u00eda siguiente en que lo haya recibido. De no dar respuesta en dicho plazo, se tendr\u00e1 por no presentada la solicitud correspondiente. &nbsp;<strong style=\"font-variant-caps: normal; font-family: Rubik; font-size: 15px; font-style: normal;\">Estructuras de Acero JGM,<\/strong><b>&nbsp;<\/b>responder\u00e1 al Titular en un plazo m\u00e1ximo de veinte d\u00edas h\u00e1biles, contados desde la fecha en que se recibi\u00f3 la solicitud a efecto de que, si resulta procedente, haga efectiva la misma dentro de los quince d\u00edas h\u00e1biles siguientes a que se comunique la respuesta. En todos los casos, la respuesta se dar\u00e1 por la misma v\u00eda por la que haya presentado su solicitud o en su caso por cualquier otro medio acordado con el Titular. Los plazos antes referidos podr\u00e1n ser ampliados en t\u00e9rminos de la LFPDPPP.<\/p>\n<p>Todos sus datos personales son tratados de acuerdo a la legislaci\u00f3n aplicable y vigente en el pais, por ello le informamos que usted tiene en todo momento los derechos&nbsp;<strong>(ARCO)&nbsp;<\/strong>de acceder, rectificar, cancelar u oponerse al tratamiento que le damos a sus datos personales; derecho que podr\u00e1 hacer valer a trav\u00e9s del&nbsp;<strong>\u00c1rea de Privacidad encargada de la seguridad de datos personales en el Tel\u00e9fono&nbsp;<\/strong><b>33 2505 2212<\/b><\/p>\n<p>&nbsp;o por medio de su correo electr\u00f3nico: ventas@estructurasdeacerojgm.com<\/p>\n<p><strong>TODA LA DOCUMENTACI\u00d3N APORTADA SER\u00c1 DESTRUIDA INMEDIATAMENTE AL CONCLUIR LA INVESTIGACI\u00d3N PARA OTORGAMIENTO DE VEH\u00cdCULO EN ARRENDAMIENTO O DEL SERVICIO SOLICITADO<\/strong><\/p>\n<\/div>\n<\/div>\n<\/div>\n<\/div>\n<\/div>\n<\/section>\n<\/div>\n<\/div>\n<\/div>\t\t\t\t\t\t<\/div>\n\t\t\t\t<\/div>\n\t\t\t\t<\/div>\n\t\t<div class=\"elementor-element elementor-element-879ecd3 e-con-full e-flex e-con e-child\" data-id=\"879ecd3\" data-element_type=\"container\">\n\t\t\t\t<\/div>\n\t\t\t\t\t<\/div>\n\t\t\t\t<\/div>\n\t\t\t\t<\/div>\n\t\t","protected":false},"excerpt":{"rendered":"<p>Portfolio Politica de privacidad IDENTIDAD Y DOMICILIO DEL RESPONSABLE. De acuerdo a lo Previsto en la \u201cLey Federal de Protecci\u00f3n de Datos Personales en Posesi\u00f3n de los Particulares\u201d (LFPDPPP), declara&nbsp;Estructuras de Acero JGM,&nbsp;ser una empresa legalmente constituida de conformidad con las leyes mexicanas, con domicilio en&nbsp;Los Mochis Sinaloa;&nbsp;y responsable del tratamiento de sus datos personales. [&hellip;]<\/p>\n","protected":false},"author":1,"featured_media":0,"parent":0,"menu_order":0,"comment_status":"closed","ping_status":"closed","template":"","meta":{"ocean_post_layout":"full-screen","ocean_both_sidebars_style":"","ocean_both_sidebars_content_width":0,"ocean_both_sidebars_sidebars_width":0,"ocean_sidebar":"0","ocean_second_sidebar":"0","ocean_disable_margins":"on","ocean_add_body_class":"","ocean_shortcode_before_top_bar":"","ocean_shortcode_after_top_bar":"","ocean_shortcode_before_header":"","ocean_shortcode_after_header":"","ocean_has_shortcode":"","ocean_shortcode_after_title":"","ocean_shortcode_before_footer_widgets":"","ocean_shortcode_after_footer_widgets":"","ocean_shortcode_before_footer_bottom":"","ocean_shortcode_after_footer_bottom":"","ocean_display_top_bar":"default","ocean_display_header":"default","ocean_header_style":"transparent","ocean_center_header_left_menu":"0","ocean_custom_header_template":"0","ocean_custom_logo":0,"ocean_custom_retina_logo":0,"ocean_custom_logo_max_width":0,"ocean_custom_logo_tablet_max_width":0,"ocean_custom_logo_mobile_max_width":0,"ocean_custom_logo_max_height":0,"ocean_custom_logo_tablet_max_height":0,"ocean_custom_logo_mobile_max_height":0,"ocean_header_custom_menu":"0","ocean_menu_typo_font_family":"0","ocean_menu_typo_font_subset":"","ocean_menu_typo_font_size":0,"ocean_menu_typo_font_size_tablet":0,"ocean_menu_typo_font_size_mobile":0,"ocean_menu_typo_font_size_unit":"px","ocean_menu_typo_font_weight":"","ocean_menu_typo_font_weight_tablet":"","ocean_menu_typo_font_weight_mobile":"","ocean_menu_typo_transform":"","ocean_menu_typo_transform_tablet":"","ocean_menu_typo_transform_mobile":"","ocean_menu_typo_line_height":0,"ocean_menu_typo_line_height_tablet":0,"ocean_menu_typo_line_height_mobile":0,"ocean_menu_typo_line_height_unit":"","ocean_menu_typo_spacing":0,"ocean_menu_typo_spacing_tablet":0,"ocean_menu_typo_spacing_mobile":0,"ocean_menu_typo_spacing_unit":"","ocean_menu_link_color":"#ffffff","ocean_menu_link_color_hover":"#6e8fef","ocean_menu_link_color_active":"#ffffff","ocean_menu_link_background":"","ocean_menu_link_hover_background":"","ocean_menu_link_active_background":"","ocean_menu_social_links_bg":"","ocean_menu_social_hover_links_bg":"","ocean_menu_social_links_color":"#ffffff","ocean_menu_social_hover_links_color":"#6e8fef","ocean_disable_title":"on","ocean_disable_heading":"default","ocean_post_title":"","ocean_post_subheading":"","ocean_post_title_style":"","ocean_post_title_background_color":"","ocean_post_title_background":0,"ocean_post_title_bg_image_position":"","ocean_post_title_bg_image_attachment":"","ocean_post_title_bg_image_repeat":"","ocean_post_title_bg_image_size":"","ocean_post_title_height":0,"ocean_post_title_bg_overlay":0.5,"ocean_post_title_bg_overlay_color":"","ocean_disable_breadcrumbs":"off","ocean_breadcrumbs_color":"","ocean_breadcrumbs_separator_color":"","ocean_breadcrumbs_links_color":"","ocean_breadcrumbs_links_hover_color":"","ocean_display_footer_widgets":"default","ocean_display_footer_bottom":"default","ocean_custom_footer_template":"0","_joinchat":[],"footnotes":""},"class_list":["post-802","page","type-page","status-publish","hentry","entry"],"_links":{"self":[{"href":"https:\/\/estructurasdeacerojgm.com\/index.php\/wp-json\/wp\/v2\/pages\/802","targetHints":{"allow":["GET"]}}],"collection":[{"href":"https:\/\/estructurasdeacerojgm.com\/index.php\/wp-json\/wp\/v2\/pages"}],"about":[{"href":"https:\/\/estructurasdeacerojgm.com\/index.php\/wp-json\/wp\/v2\/types\/page"}],"author":[{"embeddable":true,"href":"https:\/\/estructurasdeacerojgm.com\/index.php\/wp-json\/wp\/v2\/users\/1"}],"replies":[{"embeddable":true,"href":"https:\/\/estructurasdeacerojgm.com\/index.php\/wp-json\/wp\/v2\/comments?post=802"}],"version-history":[{"count":4,"href":"https:\/\/estructurasdeacerojgm.com\/index.php\/wp-json\/wp\/v2\/pages\/802\/revisions"}],"predecessor-version":[{"id":1022,"href":"https:\/\/estructurasdeacerojgm.com\/index.php\/wp-json\/wp\/v2\/pages\/802\/revisions\/1022"}],"wp:attachment":[{"href":"https:\/\/estructurasdeacerojgm.com\/index.php\/wp-json\/wp\/v2\/media?parent=802"}],"curies":[{"name":"wp","href":"https:\/\/api.w.org\/{rel}","templated":true}]}}